{"id":2,"date":"2025-03-27T15:37:24","date_gmt":"2025-03-27T15:37:24","guid":{"rendered":"http:\/\/litvaks.co.il\/wordpress\/?page_id=2"},"modified":"2025-04-10T10:37:30","modified_gmt":"2025-04-10T10:37:30","slug":"sample-page","status":"publish","type":"page","link":"https:\/\/litvaks.co.il\/","title":{"rendered":""},"content":{"rendered":"\n<div class=\"wp-block-cover alignfull has-parallax has-custom-content-position is-position-center-left has-base-color has-text-color has-link-color has-medium-font-size wp-elements-31e2836f73afbc9cfe735cfe57479fb1\" style=\"border-style:none;border-width:0px;border-radius:20px;margin-top:0;margin-bottom:0;padding-top:var(--wp--preset--spacing--80);padding-right:0;padding-bottom:var(--wp--preset--spacing--80);padding-left:0;min-height:300px;aspect-ratio:unset;\"><span aria-hidden=\"true\" class=\"wp-block-cover__background has-accent-6-background-color has-background-dim-20 has-background-dim\"><\/span><div class=\"wp-block-cover__image-background wp-image-9 has-parallax\" style=\"background-position:50% 50%;background-image:url(https:\/\/litvaks.co.il\/wp-content\/uploads\/2025\/04\/Cover1000065186.webp)\"><\/div><div class=\"wp-block-cover__inner-container has-global-padding is-layout-constrained wp-container-core-cover-is-layout-130fbc65 wp-block-cover-is-layout-constrained\">\n<div class=\"wp-block-group has-global-padding is-layout-constrained wp-block-group-is-layout-constrained\">\n<p class=\"is-style-text-annotation has-accent-3-color has-accent-6-background-color has-text-color has-background has-link-color has-large-font-size wp-elements-9bc7b2d48deddc3937c676f0e99a0ffb is-style-text-annotation--1\" style=\"border-width:2px;margin-top:0;margin-bottom:0;padding-top:0;padding-right:0;padding-bottom:0;padding-left:0\"><strong>Secure Your Future with a Second Passport<\/strong><\/p>\n\n\n\n<p class=\"has-text-align-center is-style-text-annotation has-accent-3-color has-accent-6-background-color has-text-color has-background has-link-color has-large-font-size wp-elements-c979c2020bd56718eb929f6c1f5bc9db is-style-text-annotation--2\"><strong> \u05d3\u05e8\u05db\u05d5\u05df \u05d6\u05e8 &#8211; \u05e4\u05ea\u05d7 \u05dc\u05e2\u05d5\u05dc\u05dd \u05e9\u05dc \u05d0\u05e4\u05e9\u05e8\u05d5\u05d9\u05d5\u05ea<\/strong><\/p>\n\n\n\n<p class=\"is-style-text-annotation has-accent-3-color has-accent-6-background-color has-text-color has-background has-link-color has-large-font-size wp-elements-56f4aca57dbcfb88edd22c70d0272a2c is-style-text-annotation--3\"><strong>\u0412\u0442\u043e\u0440\u043e\u0439 \u043f\u0430\u0441\u043f\u043e\u0440\u0442 \u2013 \u043e\u0442\u043a\u0440\u043e\u0439\u0442\u0435 \u043c\u0438\u0440 \u0432\u043e\u0437\u043c\u043e\u0436\u043d\u043e\u0441\u0442\u0435\u0439<\/strong><\/p>\n\n\n\n<p class=\"is-style-text-annotation has-accent-3-color has-accent-6-background-color has-text-color has-background has-link-color has-large-font-size wp-elements-1ca8200ab9eb75cb45d9111d883b971e is-style-text-annotation--4\"><strong>Obtenez un Passeport \u00c9tranger et Explorez le Monde<\/strong><\/p>\n\n\n\n<div class=\"wp-block-buttons is-layout-flex wp-block-buttons-is-layout-flex\">\n<div class=\"wp-block-button\"><a class=\"wp-block-button__link wp-element-button\" href=\"http:\/\/lawexcel.co.il\"><strong>Lawexcel<\/strong><\/a><\/div>\n<\/div>\n<\/div>\n<\/div><\/div>\n\n\n\n<div class=\"wp-block-group alignwide is-style-section-5 is-horizontal is-content-justification-left is-nowrap is-layout-flex wp-container-core-group-is-layout-1c2e8a31 wp-block-group-is-layout-flex is-style-section-5--5\">\n<p class=\"has-text-align-right is-style-text-display has-medium-font-size is-style-text-display--6\"> \u05d4\u05d2\u05e9\u05dd \u05d0\u05ea \u05d7\u05dc\u05d5\u05de\u05d5\u05ea \u05d4\u05e0\u05e1\u05d9\u05e2\u05d4, \u05d4\u05e2\u05e1\u05e7\u05d9\u05dd \u05d5\u05d4\u05d7\u05d9\u05d9\u05dd \u05d4\u05d1\u05d9\u05e0\u05dc\u05d0\u05d5\u05de\u05d9\u05d9\u05dd \u05e9\u05dc\u05da \u05e2\u05dd \u05d3\u05e8\u05db\u05d5\u05df \u05d6\u05e8. \u05d0\u05e0\u05d5 \u05de\u05e1\u05e4\u05e7\u05d9\u05dd \u05e9\u05d9\u05e8\u05d5\u05ea \u05de\u05e7\u05e6\u05d5\u05e2\u05d9 \u05d5\u05d9\u05e2\u05d9\u05dc \u05dc\u05e1\u05d9\u05d5\u05e2 \u05d1\u05d4\u05e9\u05d2\u05ea \u05d0\u05d6\u05e8\u05d7\u05d5\u05ea \u05d5\u05d3\u05e8\u05db\u05d5\u05df \u05d6\u05e8<\/p>\n\n\n\n<p class=\"is-style-text-display has-medium-font-size is-style-text-display--7\"><strong>Unlock global mobility and new opportunities with a foreign passport. Our expert team provides a seamless and confidential service to help you obtain dual citizenship.<\/strong><\/p>\n\n\n\n<p class=\"is-style-text-display has-medium-font-size is-style-text-display--8\">\u041e\u0441\u0443\u0449\u0435\u0441\u0442\u0432\u0438\u0442\u0435 \u0441\u0432\u043e\u0438 \u043c\u0435\u0447\u0442\u044b \u043e \u043f\u0443\u0442\u0435\u0448\u0435\u0441\u0442\u0432\u0438\u044f\u0445, \u0431\u0438\u0437\u043d\u0435\u0441\u0435 \u0438 \u043c\u0435\u0436\u0434\u0443\u043d\u0430\u0440\u043e\u0434\u043d\u043e\u0439 \u0436\u0438\u0437\u043d\u0438 \u0441 \u0438\u043d\u043e\u0441\u0442\u0440\u0430\u043d\u043d\u044b\u043c \u043f\u0430\u0441\u043f\u043e\u0440\u0442\u043e\u043c. \u041c\u044b \u043f\u0440\u0435\u0434\u043b\u0430\u0433\u0430\u0435\u043c \u043f\u0440\u043e\u0444\u0435\u0441\u0441\u0438\u043e\u043d\u0430\u043b\u044c\u043d\u044b\u0435 \u0438 \u044d\u0444\u0444\u0435\u043a\u0442\u0438\u0432\u043d\u044b\u0435 \u0443\u0441\u043b\u0443\u0433\u0438 \u043f\u043e \u043f\u043e\u043b\u0443\u0447\u0435\u043d\u0438\u044e \u0438\u043d\u043e\u0441\u0442\u0440\u0430\u043d\u043d\u043e\u0433\u043e \u0433\u0440\u0430\u0436\u0434\u0430\u043d\u0441\u0442\u0432\u0430 \u0438 \u043f\u0430\u0441\u043f\u043e\u0440\u0442\u0430.<\/p>\n\n\n\n<p class=\"is-style-text-display has-medium-font-size is-style-text-display--9\">R\u00e9alisez vos r\u00eaves de voyage, d&#8217;affaires et de vie internationale avec un passeport \u00e9tranger. Nous fournissons un service professionnel et efficace pour vous aider \u00e0 obtenir la citoyennet\u00e9 et un passeport \u00e9trangers.<\/p>\n<\/div>\n\n\n\n<p><\/p>\n","protected":false},"excerpt":{"rendered":"<p>\u05d4\u05d2\u05e9\u05dd \u05d0\u05ea \u05d7\u05dc\u05d5\u05de\u05d5\u05ea \u05d4\u05e0\u05e1\u05d9\u05e2\u05d4, \u05d4\u05e2\u05e1\u05e7\u05d9\u05dd \u05d5\u05d4\u05d7\u05d9\u05d9\u05dd \u05d4\u05d1\u05d9\u05e0\u05dc\u05d0\u05d5\u05de\u05d9\u05d9\u05dd \u05e9\u05dc\u05da \u05e2\u05dd \u05d3\u05e8\u05db\u05d5\u05df \u05d6\u05e8. \u05d0\u05e0\u05d5 \u05de\u05e1\u05e4\u05e7\u05d9\u05dd \u05e9\u05d9\u05e8\u05d5\u05ea \u05de\u05e7\u05e6\u05d5\u05e2\u05d9 \u05d5\u05d9\u05e2\u05d9\u05dc \u05dc\u05e1\u05d9\u05d5\u05e2 \u05d1\u05d4\u05e9\u05d2\u05ea \u05d0\u05d6\u05e8\u05d7\u05d5\u05ea \u05d5\u05d3\u05e8\u05db\u05d5\u05df \u05d6\u05e8 Unlock global mobility and new opportunities with a foreign passport. Our expert team provides a seamless and confidential service to help you obtain dual citizenship. \u041e\u0441\u0443\u0449\u0435\u0441\u0442\u0432\u0438\u0442\u0435 \u0441\u0432\u043e\u0438 \u043c\u0435\u0447\u0442\u044b \u043e \u043f\u0443\u0442\u0435\u0448\u0435\u0441\u0442\u0432\u0438\u044f\u0445, \u0431\u0438\u0437\u043d\u0435\u0441\u0435 \u0438 \u043c\u0435\u0436\u0434\u0443\u043d\u0430\u0440\u043e\u0434\u043d\u043e\u0439 \u0436\u0438\u0437\u043d\u0438 [&hellip;]<\/p>\n","protected":false},"author":1,"featured_media":0,"parent":0,"menu_order":0,"comment_status":"closed","ping_status":"open","template":"","meta":{"footnotes":"[]"},"class_list":["post-2","page","type-page","status-publish","hentry"],"_links":{"self":[{"href":"https:\/\/litvaks.co.il\/index.php\/wp-json\/wp\/v2\/pages\/2","targetHints":{"allow":["GET"]}}],"collection":[{"href":"https:\/\/litvaks.co.il\/index.php\/wp-json\/wp\/v2\/pages"}],"about":[{"href":"https:\/\/litvaks.co.il\/index.php\/wp-json\/wp\/v2\/types\/page"}],"author":[{"embeddable":true,"href":"https:\/\/litvaks.co.il\/index.php\/wp-json\/wp\/v2\/users\/1"}],"replies":[{"embeddable":true,"href":"https:\/\/litvaks.co.il\/index.php\/wp-json\/wp\/v2\/comments?post=2"}],"version-history":[{"count":13,"href":"https:\/\/litvaks.co.il\/index.php\/wp-json\/wp\/v2\/pages\/2\/revisions"}],"predecessor-version":[{"id":22,"href":"https:\/\/litvaks.co.il\/index.php\/wp-json\/wp\/v2\/pages\/2\/revisions\/22"}],"wp:attachment":[{"href":"https:\/\/litvaks.co.il\/index.php\/wp-json\/wp\/v2\/media?parent=2"}],"curies":[{"name":"wp","href":"https:\/\/api.w.org\/{rel}","templated":true}]}}